{"id":14,"date":"2022-05-06T14:57:55","date_gmt":"2022-05-06T12:57:55","guid":{"rendered":"https:\/\/www.domasachata.sk\/?page_id=14"},"modified":"2022-06-20T13:05:44","modified_gmt":"2022-06-20T11:05:44","slug":"refund_returns","status":"publish","type":"page","link":"https:\/\/www.domasachata.sk\/en\/refund_returns\/","title":{"rendered":"Business conditions"},"content":{"rendered":"<p>Kompletn\u00e9 obchodn\u00e9 podmienky a zmluvu o kr\u00e1tkodobom n\u00e1jme objektu si m\u00f4\u017eete stiahnu\u0165 na <a href=\"https:\/\/www.domasachata.sk\/wp-content\/uploads\/2022\/06\/DD-ARCH_najomna-zmluva-VZP-chata-panorama-1.doc\" target=\"_blank\" rel=\"noreferrer noopener\">tomto linku<\/a>.<\/p>","protected":false},"excerpt":{"rendered":"<p>Kompletn\u00e9 obchodn\u00e9 podmienky a zmluvu o kr\u00e1tkodobom n\u00e1jme objektu si m\u00f4\u017eete stiahnu\u0165 na tomto linku.<\/p>","protected":false},"author":1,"featured_media":0,"parent":0,"menu_order":0,"comment_status":"closed","ping_status":"closed","template":"","meta":{"footnotes":""},"class_list":["post-14","page","type-page","status-publish","hentry"],"acf":[],"yoast_head":"<!-- This site is optimized with the Yoast SEO plugin v20.13 - https:\/\/yoast.com\/wordpress\/plugins\/seo\/ -->\n<title>Obchodn\u00e9 podmienky - Chata Panor\u00e1ma na Doma\u0161i<\/title>\n<meta name=\"robots\" content=\"index, follow, max-snippet:-1, max-image-preview:large, max-video-preview:-1\" \/>\n<link rel=\"canonical\" href=\"https:\/\/www.domasachata.sk\/en\/refund_returns\/\" \/>\n<meta property=\"og:locale\" content=\"en_US\" \/>\n<meta property=\"og:type\" content=\"article\" \/>\n<meta property=\"og:title\" content=\"Obchodn\u00e9 podmienky - Chata Panor\u00e1ma na Doma\u0161i\" \/>\n<meta property=\"og:description\" content=\"Kompletn\u00e9 obchodn\u00e9 podmienky a zmluvu o kr\u00e1tkodobom n\u00e1jme objektu si m\u00f4\u017eete stiahnu\u0165 na tomto linku.\" \/>\n<meta property=\"og:url\" content=\"https:\/\/www.domasachata.sk\/en\/refund_returns\/\" \/>\n<meta property=\"og:site_name\" content=\"Chata Panor\u00e1ma na Doma\u0161i\" \/>\n<meta property=\"article:modified_time\" content=\"2022-06-20T11:05:44+00:00\" \/>\n<meta name=\"twitter:card\" content=\"summary_large_image\" \/>\n<meta name=\"twitter:label1\" content=\"Est. reading time\" \/>\n\t<meta name=\"twitter:data1\" content=\"1 minute\" \/>\n<script type=\"application\/ld+json\" class=\"yoast-schema-graph\">{\"@context\":\"https:\/\/schema.org\",\"@graph\":[{\"@type\":\"WebPage\",\"@id\":\"https:\/\/www.domasachata.sk\/refund_returns\/\",\"url\":\"https:\/\/www.domasachata.sk\/refund_returns\/\",\"name\":\"Obchodn\u00e9 podmienky - Chata Panor\u00e1ma na Doma\u0161i\",\"isPartOf\":{\"@id\":\"https:\/\/www.domasachata.sk\/#website\"},\"datePublished\":\"2022-05-06T12:57:55+00:00\",\"dateModified\":\"2022-06-20T11:05:44+00:00\",\"breadcrumb\":{\"@id\":\"https:\/\/www.domasachata.sk\/refund_returns\/#breadcrumb\"},\"inLanguage\":\"en-US\",\"potentialAction\":[{\"@type\":\"ReadAction\",\"target\":[\"https:\/\/www.domasachata.sk\/refund_returns\/\"]}]},{\"@type\":\"BreadcrumbList\",\"@id\":\"https:\/\/www.domasachata.sk\/refund_returns\/#breadcrumb\",\"itemListElement\":[{\"@type\":\"ListItem\",\"position\":1,\"name\":\"Domovsk\u00e1 str\u00e1nka\",\"item\":\"https:\/\/www.domasachata.sk\/\"},{\"@type\":\"ListItem\",\"position\":2,\"name\":\"Obchodn\u00e9 podmienky\"}]},{\"@type\":\"WebSite\",\"@id\":\"https:\/\/www.domasachata.sk\/#website\",\"url\":\"https:\/\/www.domasachata.sk\/\",\"name\":\"Chata Panor\u00e1ma na Doma\u0161i\",\"description\":\"Pren\u00e1jom chaty priamo pri vode na Doma\u0161i\",\"potentialAction\":[{\"@type\":\"SearchAction\",\"target\":{\"@type\":\"EntryPoint\",\"urlTemplate\":\"https:\/\/www.domasachata.sk\/?s={search_term_string}\"},\"query-input\":\"required name=search_term_string\"}],\"inLanguage\":\"en-US\"}]}<\/script>\n<!-- \/ Yoast SEO plugin. -->","yoast_head_json":{"title":"Obchodn\u00e9 podmienky - Chata Panor\u00e1ma na Doma\u0161i","robots":{"index":"index","follow":"follow","max-snippet":"max-snippet:-1","max-image-preview":"max-image-preview:large","max-video-preview":"max-video-preview:-1"},"canonical":"https:\/\/www.domasachata.sk\/en\/refund_returns\/","og_locale":"en_US","og_type":"article","og_title":"Obchodn\u00e9 podmienky - Chata Panor\u00e1ma na Doma\u0161i","og_description":"Kompletn\u00e9 obchodn\u00e9 podmienky a zmluvu o kr\u00e1tkodobom n\u00e1jme objektu si m\u00f4\u017eete stiahnu\u0165 na tomto linku.","og_url":"https:\/\/www.domasachata.sk\/en\/refund_returns\/","og_site_name":"Chata Panor\u00e1ma na Doma\u0161i","article_modified_time":"2022-06-20T11:05:44+00:00","twitter_card":"summary_large_image","twitter_misc":{"Est. reading time":"1 minute"},"schema":{"@context":"https:\/\/schema.org","@graph":[{"@type":"WebPage","@id":"https:\/\/www.domasachata.sk\/refund_returns\/","url":"https:\/\/www.domasachata.sk\/refund_returns\/","name":"Obchodn\u00e9 podmienky - Chata Panor\u00e1ma na Doma\u0161i","isPartOf":{"@id":"https:\/\/www.domasachata.sk\/#website"},"datePublished":"2022-05-06T12:57:55+00:00","dateModified":"2022-06-20T11:05:44+00:00","breadcrumb":{"@id":"https:\/\/www.domasachata.sk\/refund_returns\/#breadcrumb"},"inLanguage":"en-US","potentialAction":[{"@type":"ReadAction","target":["https:\/\/www.domasachata.sk\/refund_returns\/"]}]},{"@type":"BreadcrumbList","@id":"https:\/\/www.domasachata.sk\/refund_returns\/#breadcrumb","itemListElement":[{"@type":"ListItem","position":1,"name":"Domovsk\u00e1 str\u00e1nka","item":"https:\/\/www.domasachata.sk\/"},{"@type":"ListItem","position":2,"name":"Obchodn\u00e9 podmienky"}]},{"@type":"WebSite","@id":"https:\/\/www.domasachata.sk\/#website","url":"https:\/\/www.domasachata.sk\/","name":"Chata Panor\u00e1ma na Doma\u0161i","description":"Pren\u00e1jom chaty priamo pri vode na Doma\u0161i","potentialAction":[{"@type":"SearchAction","target":{"@type":"EntryPoint","urlTemplate":"https:\/\/www.domasachata.sk\/?s={search_term_string}"},"query-input":"required name=search_term_string"}],"inLanguage":"en-US"}]}},"_links":{"self":[{"href":"https:\/\/www.domasachata.sk\/en\/wp-json\/wp\/v2\/pages\/14","targetHints":{"allow":["GET"]}}],"collection":[{"href":"https:\/\/www.domasachata.sk\/en\/wp-json\/wp\/v2\/pages"}],"about":[{"href":"https:\/\/www.domasachata.sk\/en\/wp-json\/wp\/v2\/types\/page"}],"author":[{"embeddable":true,"href":"https:\/\/www.domasachata.sk\/en\/wp-json\/wp\/v2\/users\/1"}],"replies":[{"embeddable":true,"href":"https:\/\/www.domasachata.sk\/en\/wp-json\/wp\/v2\/comments?post=14"}],"version-history":[{"count":4,"href":"https:\/\/www.domasachata.sk\/en\/wp-json\/wp\/v2\/pages\/14\/revisions"}],"predecessor-version":[{"id":202,"href":"https:\/\/www.domasachata.sk\/en\/wp-json\/wp\/v2\/pages\/14\/revisions\/202"}],"wp:attachment":[{"href":"https:\/\/www.domasachata.sk\/en\/wp-json\/wp\/v2\/media?parent=14"}],"curies":[{"name":"wp","href":"https:\/\/api.w.org\/{rel}","templated":true}]}}